{"id":92,"date":"2018-08-10T08:09:17","date_gmt":"2018-08-10T08:09:17","guid":{"rendered":"https:\/\/urogine.com.mx\/?page_id=92"},"modified":"2023-07-21T19:40:04","modified_gmt":"2023-07-21T19:40:04","slug":"about-page","status":"publish","type":"page","link":"https:\/\/urogine.com.mx\/?page_id=92","title":{"rendered":"Nosotros"},"content":{"rendered":"\t\t<div data-elementor-type=\"wp-post\" data-elementor-id=\"92\" class=\"elementor elementor-92\" data-elementor-post-type=\"page\">\n\t\t\t\t\t\t<section class=\"elementor-section elementor-top-section elementor-element elementor-element-726570b8 elementor-section-boxed elementor-section-height-default elementor-section-height-default\" data-id=\"726570b8\" data-element_type=\"section\" data-e-type=\"section\" data-settings=\"{&quot;background_background&quot;:&quot;classic&quot;}\">\n\t\t\t\t\t\t\t<div class=\"elementor-background-overlay\"><\/div>\n\t\t\t\t\t\t\t<div class=\"elementor-container elementor-column-gap-default\">\n\t\t\t\t\t<div class=\"elementor-column elementor-col-50 elementor-top-column elementor-element elementor-element-679ada9\" data-id=\"679ada9\" data-element_type=\"column\" data-e-type=\"column\">\n\t\t\t<div class=\"elementor-widget-wrap elementor-element-populated\">\n\t\t\t\t\t\t<div class=\"elementor-element elementor-element-2f0374e1 elementor-widget elementor-widget-elementskit-heading\" data-id=\"2f0374e1\" data-element_type=\"widget\" data-e-type=\"widget\" data-widget_type=\"elementskit-heading.default\">\n\t\t\t\t<div class=\"elementor-widget-container\">\n\t\t\t\t\t<div class=\"ekit-wid-con\" ><div class=\"ekit-heading elementskit-section-title-wraper text_left   ekit_heading_tablet-   ekit_heading_mobile-\"><h1 class=\"ekit-heading--title elementskit-section-title \">Con\u00f3cenos<\/h1><\/div><\/div>\t\t\t\t<\/div>\n\t\t\t\t<\/div>\n\t\t\t\t\t<\/div>\n\t\t<\/div>\n\t\t\t\t<div class=\"elementor-column elementor-col-50 elementor-top-column elementor-element elementor-element-47cd8f64 elementor-hidden-tablet elementor-hidden-mobile\" data-id=\"47cd8f64\" data-element_type=\"column\" data-e-type=\"column\">\n\t\t\t<div class=\"elementor-widget-wrap\">\n\t\t\t\t\t\t\t<\/div>\n\t\t<\/div>\n\t\t\t\t\t<\/div>\n\t\t<\/section>\n\t\t\t\t<section class=\"elementor-section elementor-top-section elementor-element elementor-element-07e2be0 elementor-section-boxed elementor-section-height-default elementor-section-height-default\" data-id=\"07e2be0\" data-element_type=\"section\" data-e-type=\"section\">\n\t\t\t\t\t\t<div class=\"elementor-container elementor-column-gap-default\">\n\t\t\t\t\t<div class=\"elementor-column elementor-col-50 elementor-top-column elementor-element elementor-element-7b030f4\" data-id=\"7b030f4\" data-element_type=\"column\" data-e-type=\"column\">\n\t\t\t<div class=\"elementor-widget-wrap elementor-element-populated\">\n\t\t\t\t\t\t<section class=\"elementor-section elementor-inner-section elementor-element elementor-element-7ec2d1d elementor-section-boxed elementor-section-height-default elementor-section-height-default\" data-id=\"7ec2d1d\" data-element_type=\"section\" data-e-type=\"section\">\n\t\t\t\t\t\t<div class=\"elementor-container elementor-column-gap-default\">\n\t\t\t\t\t<div class=\"elementor-column elementor-col-100 elementor-inner-column elementor-element elementor-element-ce3a9b0\" data-id=\"ce3a9b0\" data-element_type=\"column\" data-e-type=\"column\">\n\t\t\t<div class=\"elementor-widget-wrap elementor-element-populated\">\n\t\t\t\t\t\t<div class=\"elementor-element elementor-element-1032004 elementor-widget elementor-widget-text-editor\" data-id=\"1032004\" data-element_type=\"widget\" data-e-type=\"widget\" data-widget_type=\"text-editor.default\">\n\t\t\t\t<div class=\"elementor-widget-container\">\n\t\t\t\t\t\t\t\t\t<div class=\"aux-bus2-title-divider\">\u00a0<\/div>\t\t\t\t\t\t\t\t<\/div>\n\t\t\t\t<\/div>\n\t\t\t\t<div class=\"elementor-element elementor-element-ffd2a8e elementor-widget elementor-widget-text-editor\" data-id=\"ffd2a8e\" data-element_type=\"widget\" data-e-type=\"widget\" data-widget_type=\"text-editor.default\">\n\t\t\t\t<div class=\"elementor-widget-container\">\n\t\t\t\t\t\t\t\t\t<p>Urolog\u00eda Ginecol\u00f3gica M\u00e9xico (UGM) fue fundada por el <strong>Dr. Juan Tinajero Corona<\/strong> con el prop\u00f3sito de ofrecer a nuestra regi\u00f3n un centro de alta especialidad para atender a pacientes con <strong>enfermedades uroginecol\u00f3gicas.<\/strong><\/p><p>En el centro UGM ofrecemos atenci\u00f3n m\u00e9dica integral de la m\u00e1s alta calidad, ya que combinamos conocimiento y tecnolog\u00eda con un trato emp\u00e1tico y honesto hacia nuestros pacientes.<\/p><p>Trabajamos bajo estrictos est\u00e1ndares de calidad, poniendo a disposici\u00f3n de nuestros pacientes servicios integrales: atenci\u00f3n m\u00e9dica, diagn\u00f3stico, <strong>tratamientos m\u00e9dicos, quir\u00fargicos y rehabilitaci\u00f3n uroginecol\u00f3gica y de piso p\u00e9lvico.<\/strong><\/p><p>Nuestro compromiso es brindar <strong>atenci\u00f3n m\u00e9dica del m\u00e1s alto nivel profesional<\/strong> y con el <strong>equipo de vanguardia.\u00a0<\/strong><\/p><p>Nuestros pacientes merecen lo mejor y en UGM vamos a brind\u00e1rselos<\/p>\t\t\t\t\t\t\t\t<\/div>\n\t\t\t\t<\/div>\n\t\t\t\t<div class=\"elementor-element elementor-element-86a6c27 elementor-widget elementor-widget-text-editor\" data-id=\"86a6c27\" data-element_type=\"widget\" data-e-type=\"widget\" data-widget_type=\"text-editor.default\">\n\t\t\t\t<div class=\"elementor-widget-container\">\n\t\t\t\t\t\t\t\t\t<div class=\"aux-bus2-title-divider\">\u00a0<\/div>\t\t\t\t\t\t\t\t<\/div>\n\t\t\t\t<\/div>\n\t\t\t\t\t<\/div>\n\t\t<\/div>\n\t\t\t\t\t<\/div>\n\t\t<\/section>\n\t\t\t\t\t<\/div>\n\t\t<\/div>\n\t\t\t\t<div class=\"elementor-column elementor-col-50 elementor-top-column elementor-element elementor-element-0853d4e\" data-id=\"0853d4e\" data-element_type=\"column\" data-e-type=\"column\">\n\t\t\t<div class=\"elementor-widget-wrap elementor-element-populated\">\n\t\t\t\t\t\t<div class=\"elementor-element elementor-element-cd8ee96 elementor-widget elementor-widget-image\" data-id=\"cd8ee96\" data-element_type=\"widget\" data-e-type=\"widget\" data-widget_type=\"image.default\">\n\t\t\t\t<div class=\"elementor-widget-container\">\n\t\t\t\t\t\t\t\t\t\t\t\t\t\t\t<img fetchpriority=\"high\" decoding=\"async\" width=\"1831\" height=\"2667\" src=\"https:\/\/urogine.com.mx\/wp-content\/uploads\/2023\/07\/DSC_0209r.png\" class=\"attachment-full size-full wp-image-1241\" alt=\"\" srcset=\"https:\/\/urogine.com.mx\/wp-content\/uploads\/2023\/07\/DSC_0209r.png 1831w, https:\/\/urogine.com.mx\/wp-content\/uploads\/2023\/07\/DSC_0209r-1055x1536.png 1055w, https:\/\/urogine.com.mx\/wp-content\/uploads\/2023\/07\/DSC_0209r-1406x2048.png 1406w\" sizes=\"(max-width: 1831px) 100vw, 1831px\" \/>\t\t\t\t\t\t\t\t\t\t\t\t\t\t\t<\/div>\n\t\t\t\t<\/div>\n\t\t\t\t\t<\/div>\n\t\t<\/div>\n\t\t\t\t\t<\/div>\n\t\t<\/section>\n\t\t\t\t<section class=\"elementor-section elementor-top-section elementor-element elementor-element-08ac17f elementor-section-boxed elementor-section-height-default elementor-section-height-default\" data-id=\"08ac17f\" data-element_type=\"section\" data-e-type=\"section\" data-settings=\"{&quot;background_background&quot;:&quot;classic&quot;}\">\n\t\t\t\t\t\t\t<div class=\"elementor-background-overlay\"><\/div>\n\t\t\t\t\t\t\t<div class=\"elementor-container elementor-column-gap-default\">\n\t\t\t\t\t<div class=\"elementor-column elementor-col-100 elementor-top-column elementor-element elementor-element-de04a90\" data-id=\"de04a90\" data-element_type=\"column\" data-e-type=\"column\">\n\t\t\t<div class=\"elementor-widget-wrap elementor-element-populated\">\n\t\t\t\t\t\t<div class=\"elementor-element elementor-element-223be3d elementor-widget elementor-widget-text-editor\" data-id=\"223be3d\" data-element_type=\"widget\" data-e-type=\"widget\" data-widget_type=\"text-editor.default\">\n\t\t\t\t<div class=\"elementor-widget-container\">\n\t\t\t\t\t\t\t\t\t<div class=\"aux-bus2-title-divider\">\u00a0<\/div>\t\t\t\t\t\t\t\t<\/div>\n\t\t\t\t<\/div>\n\t\t\t\t<section class=\"elementor-section elementor-inner-section elementor-element elementor-element-dce653d elementor-section-boxed elementor-section-height-default elementor-section-height-default\" data-id=\"dce653d\" data-element_type=\"section\" data-e-type=\"section\">\n\t\t\t\t\t\t<div class=\"elementor-container elementor-column-gap-default\">\n\t\t\t\t\t<div class=\"elementor-column elementor-col-25 elementor-inner-column elementor-element elementor-element-89ead6e\" data-id=\"89ead6e\" data-element_type=\"column\" data-e-type=\"column\">\n\t\t\t<div class=\"elementor-widget-wrap\">\n\t\t\t\t\t\t\t<\/div>\n\t\t<\/div>\n\t\t\t\t<div class=\"elementor-column elementor-col-25 elementor-inner-column elementor-element elementor-element-2146146\" data-id=\"2146146\" data-element_type=\"column\" data-e-type=\"column\">\n\t\t\t<div class=\"elementor-widget-wrap\">\n\t\t\t\t\t\t\t<\/div>\n\t\t<\/div>\n\t\t\t\t<div class=\"elementor-column elementor-col-25 elementor-inner-column elementor-element elementor-element-ba8f77d\" data-id=\"ba8f77d\" data-element_type=\"column\" data-e-type=\"column\">\n\t\t\t<div class=\"elementor-widget-wrap\">\n\t\t\t\t\t\t\t<\/div>\n\t\t<\/div>\n\t\t\t\t<div class=\"elementor-column elementor-col-25 elementor-inner-column elementor-element elementor-element-d20c811\" data-id=\"d20c811\" data-element_type=\"column\" data-e-type=\"column\">\n\t\t\t<div class=\"elementor-widget-wrap\">\n\t\t\t\t\t\t\t<\/div>\n\t\t<\/div>\n\t\t\t\t\t<\/div>\n\t\t<\/section>\n\t\t\t\t<section class=\"elementor-section elementor-inner-section elementor-element elementor-element-e4c908c elementor-section-boxed elementor-section-height-default elementor-section-height-default\" data-id=\"e4c908c\" data-element_type=\"section\" data-e-type=\"section\">\n\t\t\t\t\t\t<div class=\"elementor-container elementor-column-gap-default\">\n\t\t\t\t\t<div class=\"elementor-column elementor-col-25 elementor-inner-column elementor-element elementor-element-8a48aa5\" data-id=\"8a48aa5\" data-element_type=\"column\" data-e-type=\"column\">\n\t\t\t<div class=\"elementor-widget-wrap\">\n\t\t\t\t\t\t\t<\/div>\n\t\t<\/div>\n\t\t\t\t<div class=\"elementor-column elementor-col-25 elementor-inner-column elementor-element elementor-element-55b8618\" data-id=\"55b8618\" data-element_type=\"column\" data-e-type=\"column\">\n\t\t\t<div class=\"elementor-widget-wrap\">\n\t\t\t\t\t\t\t<\/div>\n\t\t<\/div>\n\t\t\t\t<div class=\"elementor-column elementor-col-25 elementor-inner-column elementor-element elementor-element-43099ea\" data-id=\"43099ea\" data-element_type=\"column\" data-e-type=\"column\">\n\t\t\t<div class=\"elementor-widget-wrap\">\n\t\t\t\t\t\t\t<\/div>\n\t\t<\/div>\n\t\t\t\t<div class=\"elementor-column elementor-col-25 elementor-inner-column elementor-element elementor-element-b9d04a3\" data-id=\"b9d04a3\" data-element_type=\"column\" data-e-type=\"column\">\n\t\t\t<div class=\"elementor-widget-wrap\">\n\t\t\t\t\t\t\t<\/div>\n\t\t<\/div>\n\t\t\t\t\t<\/div>\n\t\t<\/section>\n\t\t\t\t\t<\/div>\n\t\t<\/div>\n\t\t\t\t\t<\/div>\n\t\t<\/section>\n\t\t\t\t<section class=\"elementor-section elementor-top-section elementor-element elementor-element-084a364 elementor-section-boxed elementor-section-height-default elementor-section-height-default\" data-id=\"084a364\" data-element_type=\"section\" data-e-type=\"section\">\n\t\t\t\t\t\t<div class=\"elementor-container elementor-column-gap-default\">\n\t\t\t\t\t<div class=\"elementor-column elementor-col-50 elementor-top-column elementor-element elementor-element-cc5f787\" data-id=\"cc5f787\" data-element_type=\"column\" data-e-type=\"column\">\n\t\t\t<div class=\"elementor-widget-wrap elementor-element-populated\">\n\t\t\t\t\t\t<div class=\"elementor-element elementor-element-048ab8b elementor-widget elementor-widget-text-editor\" data-id=\"048ab8b\" data-element_type=\"widget\" data-e-type=\"widget\" data-widget_type=\"text-editor.default\">\n\t\t\t\t<div class=\"elementor-widget-container\">\n\t\t\t\t\t\t\t\t\t<div class=\"aux-bus2-title-divider\">\u00a0<\/div>\t\t\t\t\t\t\t\t<\/div>\n\t\t\t\t<\/div>\n\t\t\t\t<div class=\"elementor-element elementor-element-74196e5 elementor-widget elementor-widget-text-editor\" data-id=\"74196e5\" data-element_type=\"widget\" data-e-type=\"widget\" data-widget_type=\"text-editor.default\">\n\t\t\t\t<div class=\"elementor-widget-container\">\n\t\t\t\t\t\t\t\t\t<p>Urolog\u00eda Ginecol\u00f3gica M\u00e9xico (UGM) fue fundada por el\u00a0<strong>Dr. Juan Tinajero Corona<\/strong> con el prop\u00f3sito de ofrecer la mejor atenci\u00f3n a pacientes con <strong>enfermedades uroginecol\u00f3gicas.<\/strong><\/p><ul><li><strong>Presidente del Colegio Mexicano de Urolog\u00eda Ginecol\u00f3gica, Medicina y Cirug\u00eda de piso P\u00e9lvico (CMUG 2022).<\/strong><\/li><li>Certificado por el Consejo Mexicano de Ginecolog\u00eda y Obstetricia<\/li><li><span style=\"color: var( --e-global-color-text ); font-family: var( --e-global-typography-text-font-family ), Sans-serif; font-weight: var( --e-global-typography-text-font-weight );\">Asociaci\u00f3n Mexicana de Urolog\u00eda Ginecol\u00f3gica<\/span><\/li><li>International Urogynecological Association<\/li><li>Asociaci\u00f3n michoacana de endoscopia ginecol\u00f3gica AC<\/li><\/ul>\t\t\t\t\t\t\t\t<\/div>\n\t\t\t\t<\/div>\n\t\t\t\t\t<\/div>\n\t\t<\/div>\n\t\t\t\t<div class=\"elementor-column elementor-col-50 elementor-top-column elementor-element elementor-element-a2d762c\" data-id=\"a2d762c\" data-element_type=\"column\" data-e-type=\"column\">\n\t\t\t<div class=\"elementor-widget-wrap elementor-element-populated\">\n\t\t\t\t\t\t<div class=\"elementor-element elementor-element-078b378 elementor-widget elementor-widget-image\" data-id=\"078b378\" data-element_type=\"widget\" data-e-type=\"widget\" data-widget_type=\"image.default\">\n\t\t\t\t<div class=\"elementor-widget-container\">\n\t\t\t\t\t\t\t\t\t\t\t\t\t\t\t<img decoding=\"async\" width=\"283\" height=\"335\" src=\"https:\/\/urogine.com.mx\/wp-content\/uploads\/2023\/07\/UGM_FAVICON-03.png\" class=\"attachment-large size-large wp-image-1169\" alt=\"\" \/>\t\t\t\t\t\t\t\t\t\t\t\t\t\t\t<\/div>\n\t\t\t\t<\/div>\n\t\t\t\t\t<\/div>\n\t\t<\/div>\n\t\t\t\t\t<\/div>\n\t\t<\/section>\n\t\t\t\t<section class=\"elementor-section elementor-top-section elementor-element elementor-element-7b57d29 elementor-section-boxed elementor-section-height-default elementor-section-height-default\" data-id=\"7b57d29\" data-element_type=\"section\" data-e-type=\"section\">\n\t\t\t\t\t\t<div class=\"elementor-container elementor-column-gap-default\">\n\t\t\t\t\t<div class=\"elementor-column elementor-col-50 elementor-top-column elementor-element elementor-element-d6d510e\" data-id=\"d6d510e\" data-element_type=\"column\" data-e-type=\"column\">\n\t\t\t<div class=\"elementor-widget-wrap elementor-element-populated\">\n\t\t\t\t\t\t<div class=\"elementor-element elementor-element-eb36912 elementor-widget elementor-widget-image\" data-id=\"eb36912\" data-element_type=\"widget\" data-e-type=\"widget\" data-widget_type=\"image.default\">\n\t\t\t\t<div class=\"elementor-widget-container\">\n\t\t\t\t\t\t\t\t\t\t\t\t\t\t\t<img decoding=\"async\" width=\"800\" height=\"800\" src=\"https:\/\/urogine.com.mx\/wp-content\/uploads\/2023\/07\/POST-LINEA-35-24-1024x1024.jpg\" class=\"attachment-large size-large wp-image-1247\" alt=\"\" srcset=\"https:\/\/urogine.com.mx\/wp-content\/uploads\/2023\/07\/POST-LINEA-35-24-1024x1024.jpg 1024w, https:\/\/urogine.com.mx\/wp-content\/uploads\/2023\/07\/POST-LINEA-35-24-300x300.jpg 300w, https:\/\/urogine.com.mx\/wp-content\/uploads\/2023\/07\/POST-LINEA-35-24-150x150.jpg 150w, https:\/\/urogine.com.mx\/wp-content\/uploads\/2023\/07\/POST-LINEA-35-24-768x768.jpg 768w, https:\/\/urogine.com.mx\/wp-content\/uploads\/2023\/07\/POST-LINEA-35-24-1536x1536.jpg 1536w, https:\/\/urogine.com.mx\/wp-content\/uploads\/2023\/07\/POST-LINEA-35-24.jpg 1667w\" sizes=\"(max-width: 800px) 100vw, 800px\" \/>\t\t\t\t\t\t\t\t\t\t\t\t\t\t\t<\/div>\n\t\t\t\t<\/div>\n\t\t\t\t\t<\/div>\n\t\t<\/div>\n\t\t\t\t<div class=\"elementor-column elementor-col-50 elementor-top-column elementor-element elementor-element-32c8493\" data-id=\"32c8493\" data-element_type=\"column\" data-e-type=\"column\">\n\t\t\t<div class=\"elementor-widget-wrap elementor-element-populated\">\n\t\t\t\t\t\t<div class=\"elementor-element elementor-element-5e945a8 elementor-widget elementor-widget-image\" data-id=\"5e945a8\" data-element_type=\"widget\" data-e-type=\"widget\" data-widget_type=\"image.default\">\n\t\t\t\t<div class=\"elementor-widget-container\">\n\t\t\t\t\t\t\t\t\t\t\t\t\t\t\t<img loading=\"lazy\" decoding=\"async\" width=\"800\" height=\"800\" src=\"https:\/\/urogine.com.mx\/wp-content\/uploads\/2023\/07\/POST-LINEA-47-10-1024x1024.jpg\" class=\"attachment-large size-large wp-image-1248\" alt=\"\" srcset=\"https:\/\/urogine.com.mx\/wp-content\/uploads\/2023\/07\/POST-LINEA-47-10-1024x1024.jpg 1024w, https:\/\/urogine.com.mx\/wp-content\/uploads\/2023\/07\/POST-LINEA-47-10-300x300.jpg 300w, https:\/\/urogine.com.mx\/wp-content\/uploads\/2023\/07\/POST-LINEA-47-10-150x150.jpg 150w, https:\/\/urogine.com.mx\/wp-content\/uploads\/2023\/07\/POST-LINEA-47-10-768x768.jpg 768w, https:\/\/urogine.com.mx\/wp-content\/uploads\/2023\/07\/POST-LINEA-47-10-1536x1536.jpg 1536w, https:\/\/urogine.com.mx\/wp-content\/uploads\/2023\/07\/POST-LINEA-47-10.jpg 1667w\" sizes=\"(max-width: 800px) 100vw, 800px\" \/>\t\t\t\t\t\t\t\t\t\t\t\t\t\t\t<\/div>\n\t\t\t\t<\/div>\n\t\t\t\t\t<\/div>\n\t\t<\/div>\n\t\t\t\t\t<\/div>\n\t\t<\/section>\n\t\t\t\t<\/div>\n\t\t","protected":false},"excerpt":{"rendered":"<p>Con\u00f3cenos \u00a0 Urolog\u00eda Ginecol\u00f3gica M\u00e9xico (UGM) fue fundada por el Dr. Juan Tinajero Corona con el prop\u00f3sito de ofrecer a nuestra regi\u00f3n un centro de alta especialidad para atender a pacientes con enfermedades uroginecol\u00f3gicas. En el centro UGM ofrecemos atenci\u00f3n m\u00e9dica integral de la m\u00e1s alta calidad, ya que combinamos conocimiento y tecnolog\u00eda con un [&hellip;]<\/p>\n","protected":false},"author":1,"featured_media":0,"parent":0,"menu_order":0,"comment_status":"closed","ping_status":"closed","template":"elementor_header_footer","meta":{"footnotes":""},"class_list":["post-92","page","type-page","status-publish","hentry"],"_links":{"self":[{"href":"https:\/\/urogine.com.mx\/index.php?rest_route=\/wp\/v2\/pages\/92","targetHints":{"allow":["GET"]}}],"collection":[{"href":"https:\/\/urogine.com.mx\/index.php?rest_route=\/wp\/v2\/pages"}],"about":[{"href":"https:\/\/urogine.com.mx\/index.php?rest_route=\/wp\/v2\/types\/page"}],"author":[{"embeddable":true,"href":"https:\/\/urogine.com.mx\/index.php?rest_route=\/wp\/v2\/users\/1"}],"replies":[{"embeddable":true,"href":"https:\/\/urogine.com.mx\/index.php?rest_route=%2Fwp%2Fv2%2Fcomments&post=92"}],"version-history":[{"count":5,"href":"https:\/\/urogine.com.mx\/index.php?rest_route=\/wp\/v2\/pages\/92\/revisions"}],"predecessor-version":[{"id":1321,"href":"https:\/\/urogine.com.mx\/index.php?rest_route=\/wp\/v2\/pages\/92\/revisions\/1321"}],"wp:attachment":[{"href":"https:\/\/urogine.com.mx\/index.php?rest_route=%2Fwp%2Fv2%2Fmedia&parent=92"}],"curies":[{"name":"wp","href":"https:\/\/api.w.org\/{rel}","templated":true}]}}